{"id":20,"date":"2022-02-15T08:19:23","date_gmt":"2022-02-15T08:19:23","guid":{"rendered":"https:\/\/erfurth.osa-essen.de\/index.php\/startseite\/"},"modified":"2022-02-21T05:14:58","modified_gmt":"2022-02-21T05:14:58","slug":"startseite","status":"publish","type":"page","link":"https:\/\/erfurth-ersehof.de\/en\/","title":{"rendered":"Home"},"content":{"rendered":"<div data-elementor-type=\"wp-page\" data-elementor-id=\"20\" class=\"elementor elementor-20\">\n\t\t\t\t\t\t\t\t\t<section class=\"elementor-section elementor-top-section elementor-element elementor-element-e305f0e elementor-section-boxed elementor-section-height-default elementor-section-height-default\" data-id=\"e305f0e\" data-element_type=\"section\">\n\t\t\t\t\t\t<div class=\"elementor-container elementor-column-gap-default\">\n\t\t\t\t\t<div class=\"elementor-column elementor-col-100 elementor-top-column elementor-element elementor-element-f217b7d\" data-id=\"f217b7d\" data-element_type=\"column\">\n\t\t\t<div class=\"elementor-widget-wrap elementor-element-populated\">\n\t\t\t\t\t\t\t\t<section class=\"elementor-section elementor-inner-section elementor-element elementor-element-0fa7443 elementor-section-boxed elementor-section-height-default elementor-section-height-default\" data-id=\"0fa7443\" data-element_type=\"section\">\n\t\t\t\t\t\t<div class=\"elementor-container elementor-column-gap-default\">\n\t\t\t\t\t<div class=\"elementor-column elementor-col-100 elementor-inner-column elementor-element elementor-element-d61dae5\" data-id=\"d61dae5\" data-element_type=\"column\">\n\t\t\t<div class=\"elementor-widget-wrap elementor-element-populated\">\n\t\t\t\t\t\t\t\t<div class=\"elementor-element elementor-element-4aaa3b2 elementor-widget elementor-widget-page-title\" data-id=\"4aaa3b2\" data-element_type=\"widget\" data-widget_type=\"page-title.default\">\n\t\t\t\t<div class=\"elementor-widget-container\">\n\t\t\t\t\t\n\t\t<div class=\"hfe-page-title hfe-page-title-wrapper elementor-widget-heading\">\n\n\t\t\t\t\t\t\t\t<h1 class=\"elementor-heading-title elementor-size-xl\">\n\t\t\t\t\t\t\t\t\n\t\t\t\tHome  \n\t\t\t<\/h1> \n\t\t\t\t\t<\/div>\n\t\t\t\t<\/div>\n\t\t\t\t<\/div>\n\t\t\t\t<div class=\"elementor-element elementor-element-d41f8c9 elementor-widget elementor-widget-heading\" data-id=\"d41f8c9\" data-element_type=\"widget\" data-widget_type=\"heading.default\">\n\t\t\t\t<div class=\"elementor-widget-container\">\n\t\t\t<style>\/*! elementor - v3.15.0 - 20-08-2023 *\/\n.elementor-heading-title{padding:0;margin:0;line-height:1}.elementor-widget-heading .elementor-heading-title[class*=elementor-size-]>a{color:inherit;font-size:inherit;line-height:inherit}.elementor-widget-heading .elementor-heading-title.elementor-size-small{font-size:15px}.elementor-widget-heading .elementor-heading-title.elementor-size-medium{font-size:19px}.elementor-widget-heading .elementor-heading-title.elementor-size-large{font-size:29px}.elementor-widget-heading .elementor-heading-title.elementor-size-xl{font-size:39px}.elementor-widget-heading .elementor-heading-title.elementor-size-xxl{font-size:59px}<\/style><h2 class=\"elementor-heading-title elementor-size-large\">B\u00fcrsten- und Pinselrohstoffe aus Ersehof bei Braunschweig<\/h2>\t\t<\/div>\n\t\t\t\t<\/div>\n\t\t\t\t\t<\/div>\n\t\t<\/div>\n\t\t\t\t\t\t\t<\/div>\n\t\t<\/section>\n\t\t\t\t<section class=\"elementor-section elementor-inner-section elementor-element elementor-element-2c72556 elementor-section-boxed elementor-section-height-default elementor-section-height-default\" data-id=\"2c72556\" data-element_type=\"section\">\n\t\t\t\t\t\t<div class=\"elementor-container elementor-column-gap-default\">\n\t\t\t\t\t<div class=\"elementor-column elementor-col-50 elementor-inner-column elementor-element elementor-element-62b9e73\" data-id=\"62b9e73\" data-element_type=\"column\">\n\t\t\t<div class=\"elementor-widget-wrap elementor-element-populated\">\n\t\t\t\t\t\t\t\t<div class=\"elementor-element elementor-element-a3888dd elementor-widget elementor-widget-text-editor\" data-id=\"a3888dd\" data-element_type=\"widget\" data-widget_type=\"text-editor.default\">\n\t\t\t\t<div class=\"elementor-widget-container\">\n\t\t\t<style>\/*! elementor - v3.15.0 - 20-08-2023 *\/\n.elementor-widget-text-editor.elementor-drop-cap-view-stacked .elementor-drop-cap{background-color:#69727d;color:#fff}.elementor-widget-text-editor.elementor-drop-cap-view-framed .elementor-drop-cap{color:#69727d;border:3px solid;background-color:transparent}.elementor-widget-text-editor:not(.elementor-drop-cap-view-default) .elementor-drop-cap{margin-top:8px}.elementor-widget-text-editor:not(.elementor-drop-cap-view-default) .elementor-drop-cap-letter{width:1em;height:1em}.elementor-widget-text-editor .elementor-drop-cap{float:left;text-align:center;line-height:1;font-size:50px}.elementor-widget-text-editor .elementor-drop-cap-letter{display:inline-block}<\/style>\t\t\t\t<p>Warmly welcome to our Internet site. We offer you suitable solutions for your products. Our qualitatively high-quality brushes and paintbrush raw materialsfrom\u00a0<a href=\"https:\/\/erfurth-ersehof.de\/en\/rosshaare\/\">horsehair<\/a>,\u00a0<a href=\"https:\/\/erfurth-ersehof.de\/en\/borsten\/\">bristles<\/a>\u00a0and\u00a0<a href=\"https:\/\/erfurth-ersehof.de\/en\/mischungen\/\">mixtures<\/a>\u00a0are processed individually on your needsand are cut.<\/p><p>Place on our long-standing experienceand reliable service. On the following sides you get to knowmore about our enterprise and ourachievements. Do you have to beginwith questions?<br \/><br \/>Then you simply call:<br \/>+49 (0) 53 03 \/ 52 25<\/p>\t\t\t\t\t\t<\/div>\n\t\t\t\t<\/div>\n\t\t\t\t<div class=\"elementor-element elementor-element-6cc6815 elementor-widget elementor-widget-button\" data-id=\"6cc6815\" data-element_type=\"widget\" data-widget_type=\"button.default\">\n\t\t\t\t<div class=\"elementor-widget-container\">\n\t\t\t\t\t<div class=\"elementor-button-wrapper\">\n\t\t\t<a class=\"elementor-button elementor-button-link elementor-size-lg\" href=\"https:\/\/erfurth-ersehof.de\/en\/kontakt\/\">\n\t\t\t\t\t\t<span class=\"elementor-button-content-wrapper\">\n\t\t\t\t\t\t<span class=\"elementor-button-icon elementor-align-icon-right\">\n\t\t\t\t<i aria-hidden=\"true\" class=\"fas fa-angle-double-right\"><\/i>\t\t\t<\/span>\n\t\t\t\t\t\t<span class=\"elementor-button-text\">We are glad about your inquiry<\/span>\n\t\t<\/span>\n\t\t\t\t\t<\/a>\n\t\t<\/div>\n\t\t\t\t<\/div>\n\t\t\t\t<\/div>\n\t\t\t\t\t<\/div>\n\t\t<\/div>\n\t\t\t\t<div class=\"elementor-column elementor-col-50 elementor-inner-column elementor-element elementor-element-dfb4963\" data-id=\"dfb4963\" data-element_type=\"column\">\n\t\t\t<div class=\"elementor-widget-wrap elementor-element-populated\">\n\t\t\t\t\t\t\t\t<div class=\"elementor-element elementor-element-6c0dc8e elementor-widget elementor-widget-image\" data-id=\"6c0dc8e\" data-element_type=\"widget\" data-widget_type=\"image.default\">\n\t\t\t\t<div class=\"elementor-widget-container\">\n\t\t\t<style>\/*! elementor - v3.15.0 - 20-08-2023 *\/\n.elementor-widget-image{text-align:center}.elementor-widget-image a{display:inline-block}.elementor-widget-image a img[src$=\".svg\"]{width:48px}.elementor-widget-image img{vertical-align:middle;display:inline-block}<\/style>\t\t\t\t\t\t\t\t\t\t\t\t<img loading=\"lazy\" decoding=\"async\" width=\"490\" height=\"724\" src=\"https:\/\/erfurth-ersehof.de\/wp-content\/uploads\/2022\/02\/weltweite-lieferung.jpg\" class=\"attachment-large size-large wp-image-54\" alt=\"\" srcset=\"https:\/\/erfurth-ersehof.de\/wp-content\/uploads\/2022\/02\/weltweite-lieferung.jpg 490w, https:\/\/erfurth-ersehof.de\/wp-content\/uploads\/2022\/02\/weltweite-lieferung-203x300.jpg 203w, https:\/\/erfurth-ersehof.de\/wp-content\/uploads\/2022\/02\/weltweite-lieferung-8x12.jpg 8w\" sizes=\"auto, (max-width: 490px) 100vw, 490px\" \/>\t\t\t\t\t\t\t\t\t\t\t\t\t\t\t<\/div>\n\t\t\t\t<\/div>\n\t\t\t\t\t<\/div>\n\t\t<\/div>\n\t\t\t\t\t\t\t<\/div>\n\t\t<\/section>\n\t\t\t\t\t<\/div>\n\t\t<\/div>\n\t\t\t\t\t\t\t<\/div>\n\t\t<\/section>\n\t\t\t\t\t\t\t<\/div>","protected":false},"excerpt":{"rendered":"<p>Startseite B\u00fcrsten- und Pinselrohstoffe aus Ersehof bei Braunschweig Herzlich willkommen auf unserer Internetseite. Wir bieten Ihnen passende L\u00f6sungen f\u00fcr Ihre Produkte. Unsere qualitativ hochwertigen B\u00fcrsten- und Pinselrohstoffe aus\u00a0Rosshaar,\u00a0Borsten\u00a0und\u00a0Mischungen\u00a0werden individuell auf Ihre Bed\u00fcrfnisse verarbeitet und zugeschnitten. Auf den folgenden Seiten erfahren Sie mehr \u00fcber unser Unternehmen und unsere Leistungen. Haben Sie vorab Fragen? Dann rufen Sie [&hellip;]<\/p>","protected":false},"author":1,"featured_media":0,"parent":0,"menu_order":0,"comment_status":"closed","ping_status":"closed","template":"","meta":{"_seopress_robots_primary_cat":"","footnotes":""},"class_list":["post-20","page","type-page","status-publish","hentry"],"_links":{"self":[{"href":"https:\/\/erfurth-ersehof.de\/en\/wp-json\/wp\/v2\/pages\/20","targetHints":{"allow":["GET"]}}],"collection":[{"href":"https:\/\/erfurth-ersehof.de\/en\/wp-json\/wp\/v2\/pages"}],"about":[{"href":"https:\/\/erfurth-ersehof.de\/en\/wp-json\/wp\/v2\/types\/page"}],"author":[{"embeddable":true,"href":"https:\/\/erfurth-ersehof.de\/en\/wp-json\/wp\/v2\/users\/1"}],"replies":[{"embeddable":true,"href":"https:\/\/erfurth-ersehof.de\/en\/wp-json\/wp\/v2\/comments?post=20"}],"version-history":[{"count":6,"href":"https:\/\/erfurth-ersehof.de\/en\/wp-json\/wp\/v2\/pages\/20\/revisions"}],"predecessor-version":[{"id":165,"href":"https:\/\/erfurth-ersehof.de\/en\/wp-json\/wp\/v2\/pages\/20\/revisions\/165"}],"wp:attachment":[{"href":"https:\/\/erfurth-ersehof.de\/en\/wp-json\/wp\/v2\/media?parent=20"}],"curies":[{"name":"wp","href":"https:\/\/api.w.org\/{rel}","templated":true}]}}