{"id":19,"date":"2022-02-15T08:19:23","date_gmt":"2022-02-15T08:19:23","guid":{"rendered":"https:\/\/erfurth.osa-essen.de\/index.php\/rosshaare\/"},"modified":"2022-02-20T21:43:40","modified_gmt":"2022-02-20T21:43:40","slug":"rosshaare","status":"publish","type":"page","link":"https:\/\/erfurth-ersehof.de\/en\/rosshaare\/","title":{"rendered":"Horsetailhair"},"content":{"rendered":"<div data-elementor-type=\"wp-page\" data-elementor-id=\"19\" class=\"elementor elementor-19\">\n\t\t\t\t\t\t\t\t\t<section class=\"elementor-section elementor-top-section elementor-element elementor-element-afe17d8 elementor-section-boxed elementor-section-height-default elementor-section-height-default\" data-id=\"afe17d8\" data-element_type=\"section\">\n\t\t\t\t\t\t<div class=\"elementor-container elementor-column-gap-default\">\n\t\t\t\t\t<div class=\"elementor-column elementor-col-100 elementor-top-column elementor-element elementor-element-99faa28\" data-id=\"99faa28\" data-element_type=\"column\">\n\t\t\t<div class=\"elementor-widget-wrap elementor-element-populated\">\n\t\t\t\t\t\t\t\t<section class=\"elementor-section elementor-inner-section elementor-element elementor-element-ae6a2f3 elementor-section-boxed elementor-section-height-default elementor-section-height-default\" data-id=\"ae6a2f3\" data-element_type=\"section\">\n\t\t\t\t\t\t<div class=\"elementor-container elementor-column-gap-default\">\n\t\t\t\t\t<div class=\"elementor-column elementor-col-100 elementor-inner-column elementor-element elementor-element-2c2bfa3\" data-id=\"2c2bfa3\" data-element_type=\"column\">\n\t\t\t<div class=\"elementor-widget-wrap elementor-element-populated\">\n\t\t\t\t\t\t\t\t<div class=\"elementor-element elementor-element-0149e70 elementor-widget elementor-widget-page-title\" data-id=\"0149e70\" data-element_type=\"widget\" data-widget_type=\"page-title.default\">\n\t\t\t\t<div class=\"elementor-widget-container\">\n\t\t\t\t\t\n\t\t<div class=\"hfe-page-title hfe-page-title-wrapper elementor-widget-heading\">\n\n\t\t\t\t\t\t\t\t<h1 class=\"elementor-heading-title elementor-size-xl\">\n\t\t\t\t\t\t\t\t\n\t\t\t\tHorsetailhair  \n\t\t\t<\/h1> \n\t\t\t\t\t<\/div>\n\t\t\t\t<\/div>\n\t\t\t\t<\/div>\n\t\t\t\t<div class=\"elementor-element elementor-element-3a9d082 elementor-widget elementor-widget-heading\" data-id=\"3a9d082\" data-element_type=\"widget\" data-widget_type=\"heading.default\">\n\t\t\t\t<div class=\"elementor-widget-container\">\n\t\t\t<style>\/*! elementor - v3.15.0 - 20-08-2023 *\/\n.elementor-heading-title{padding:0;margin:0;line-height:1}.elementor-widget-heading .elementor-heading-title[class*=elementor-size-]>a{color:inherit;font-size:inherit;line-height:inherit}.elementor-widget-heading .elementor-heading-title.elementor-size-small{font-size:15px}.elementor-widget-heading .elementor-heading-title.elementor-size-medium{font-size:19px}.elementor-widget-heading .elementor-heading-title.elementor-size-large{font-size:29px}.elementor-widget-heading .elementor-heading-title.elementor-size-xl{font-size:39px}.elementor-widget-heading .elementor-heading-title.elementor-size-xxl{font-size:59px}<\/style><h2 class=\"elementor-heading-title elementor-size-large\">Rosshaar-Veredelung nach Ihren W\u00fcnschen\n<\/h2>\t\t<\/div>\n\t\t\t\t<\/div>\n\t\t\t\t\t<\/div>\n\t\t<\/div>\n\t\t\t\t\t\t\t<\/div>\n\t\t<\/section>\n\t\t\t\t<section class=\"elementor-section elementor-inner-section elementor-element elementor-element-3b6e900 elementor-section-boxed elementor-section-height-default elementor-section-height-default\" data-id=\"3b6e900\" data-element_type=\"section\">\n\t\t\t\t\t\t<div class=\"elementor-container elementor-column-gap-default\">\n\t\t\t\t\t<div class=\"elementor-column elementor-col-50 elementor-inner-column elementor-element elementor-element-ef4eddd\" data-id=\"ef4eddd\" data-element_type=\"column\">\n\t\t\t<div class=\"elementor-widget-wrap elementor-element-populated\">\n\t\t\t\t\t\t\t\t<div class=\"elementor-element elementor-element-ef81267 elementor-widget elementor-widget-text-editor\" data-id=\"ef81267\" data-element_type=\"widget\" data-widget_type=\"text-editor.default\">\n\t\t\t\t<div class=\"elementor-widget-container\">\n\t\t\t<style>\/*! elementor - v3.15.0 - 20-08-2023 *\/\n.elementor-widget-text-editor.elementor-drop-cap-view-stacked .elementor-drop-cap{background-color:#69727d;color:#fff}.elementor-widget-text-editor.elementor-drop-cap-view-framed .elementor-drop-cap{color:#69727d;border:3px solid;background-color:transparent}.elementor-widget-text-editor:not(.elementor-drop-cap-view-default) .elementor-drop-cap{margin-top:8px}.elementor-widget-text-editor:not(.elementor-drop-cap-view-default) .elementor-drop-cap-letter{width:1em;height:1em}.elementor-widget-text-editor .elementor-drop-cap{float:left;text-align:center;line-height:1;font-size:50px}.elementor-widget-text-editor .elementor-drop-cap-letter{display:inline-block}<\/style>\t\t\t\t<p>The horsehair (horse hair) is available in the colours Black, White and Grey \u2013 the length of the horse hair can bedetermined individually. If requested also offer to you a mixture and\/or the second cooking process.<\/p>\t\t\t\t\t\t<\/div>\n\t\t\t\t<\/div>\n\t\t\t\t\t<\/div>\n\t\t<\/div>\n\t\t\t\t<div class=\"elementor-column elementor-col-50 elementor-inner-column elementor-element elementor-element-1a3be63\" data-id=\"1a3be63\" data-element_type=\"column\">\n\t\t\t<div class=\"elementor-widget-wrap elementor-element-populated\">\n\t\t\t\t\t\t\t\t<div class=\"elementor-element elementor-element-d4c9fc4 elementor-widget elementor-widget-text-editor\" data-id=\"d4c9fc4\" data-element_type=\"widget\" data-widget_type=\"text-editor.default\">\n\t\t\t\t<div class=\"elementor-widget-container\">\n\t\t\t\t\t\t\t<p>Among the rest, horsehairs or also horsehair mixtures are used in rolling and stripe brushes and brooms.<\/p>\t\t\t\t\t\t<\/div>\n\t\t\t\t<\/div>\n\t\t\t\t\t<\/div>\n\t\t<\/div>\n\t\t\t\t\t\t\t<\/div>\n\t\t<\/section>\n\t\t\t\t<section class=\"elementor-section elementor-inner-section elementor-element elementor-element-7b3e976 elementor-section-boxed elementor-section-height-default elementor-section-height-default\" data-id=\"7b3e976\" data-element_type=\"section\">\n\t\t\t\t\t\t<div class=\"elementor-container elementor-column-gap-default\">\n\t\t\t\t\t<div class=\"elementor-column elementor-col-50 elementor-inner-column elementor-element elementor-element-7f08f1a\" data-id=\"7f08f1a\" data-element_type=\"column\">\n\t\t\t<div class=\"elementor-widget-wrap elementor-element-populated\">\n\t\t\t\t\t\t\t\t<div class=\"elementor-element elementor-element-35056e6 elementor-widget elementor-widget-image\" data-id=\"35056e6\" data-element_type=\"widget\" data-widget_type=\"image.default\">\n\t\t\t\t<div class=\"elementor-widget-container\">\n\t\t\t<style>\/*! elementor - v3.15.0 - 20-08-2023 *\/\n.elementor-widget-image{text-align:center}.elementor-widget-image a{display:inline-block}.elementor-widget-image a img[src$=\".svg\"]{width:48px}.elementor-widget-image img{vertical-align:middle;display:inline-block}<\/style>\t\t\t\t\t\t\t\t\t\t\t\t\t<a href=\"https:\/\/erfurth-ersehof.de\/wp-content\/uploads\/2022\/02\/Rosshaare.jpg\" data-elementor-open-lightbox=\"yes\" data-e-action-hash=\"#elementor-action%3Aaction%3Dlightbox%26settings%3DeyJpZCI6NDYsInVybCI6Imh0dHBzOlwvXC9lcmZ1cnRoLWVyc2Vob2YuZGVcL3dwLWNvbnRlbnRcL3VwbG9hZHNcLzIwMjJcLzAyXC9Sb3NzaGFhcmUuanBnIn0%3D\">\n\t\t\t\t\t\t\t<img loading=\"lazy\" decoding=\"async\" width=\"666\" height=\"500\" src=\"https:\/\/erfurth-ersehof.de\/wp-content\/uploads\/2022\/02\/Rosshaare.jpg\" class=\"attachment-large size-large wp-image-46\" alt=\"\" srcset=\"https:\/\/erfurth-ersehof.de\/wp-content\/uploads\/2022\/02\/Rosshaare.jpg 666w, https:\/\/erfurth-ersehof.de\/wp-content\/uploads\/2022\/02\/Rosshaare-300x225.jpg 300w, https:\/\/erfurth-ersehof.de\/wp-content\/uploads\/2022\/02\/Rosshaare-16x12.jpg 16w\" sizes=\"auto, (max-width: 666px) 100vw, 666px\" \/>\t\t\t\t\t\t\t\t<\/a>\n\t\t\t\t\t\t\t\t\t\t\t\t\t\t\t<\/div>\n\t\t\t\t<\/div>\n\t\t\t\t\t<\/div>\n\t\t<\/div>\n\t\t\t\t<div class=\"elementor-column elementor-col-50 elementor-inner-column elementor-element elementor-element-280fa2c\" data-id=\"280fa2c\" data-element_type=\"column\">\n\t\t\t<div class=\"elementor-widget-wrap elementor-element-populated\">\n\t\t\t\t\t\t\t\t<div class=\"elementor-element elementor-element-55a92e9 elementor-widget elementor-widget-image\" data-id=\"55a92e9\" data-element_type=\"widget\" data-widget_type=\"image.default\">\n\t\t\t\t<div class=\"elementor-widget-container\">\n\t\t\t\t\t\t\t\t\t\t\t\t\t\t\t\t<a href=\"https:\/\/erfurth-ersehof.de\/wp-content\/uploads\/2022\/02\/Rosshaare2.jpg\" data-elementor-open-lightbox=\"yes\" data-e-action-hash=\"#elementor-action%3Aaction%3Dlightbox%26settings%3DeyJpZCI6MTIxLCJ1cmwiOiJodHRwczpcL1wvZXJmdXJ0aC1lcnNlaG9mLmRlXC93cC1jb250ZW50XC91cGxvYWRzXC8yMDIyXC8wMlwvUm9zc2hhYXJlMi5qcGcifQ%3D%3D\">\n\t\t\t\t\t\t\t<img loading=\"lazy\" decoding=\"async\" width=\"381\" height=\"499\" src=\"https:\/\/erfurth-ersehof.de\/wp-content\/uploads\/2022\/02\/Rosshaare2.jpg\" class=\"attachment-large size-large wp-image-121\" alt=\"\" srcset=\"https:\/\/erfurth-ersehof.de\/wp-content\/uploads\/2022\/02\/Rosshaare2.jpg 381w, https:\/\/erfurth-ersehof.de\/wp-content\/uploads\/2022\/02\/Rosshaare2-229x300.jpg 229w, https:\/\/erfurth-ersehof.de\/wp-content\/uploads\/2022\/02\/Rosshaare2-9x12.jpg 9w\" sizes=\"auto, (max-width: 381px) 100vw, 381px\" \/>\t\t\t\t\t\t\t\t<\/a>\n\t\t\t\t\t\t\t\t\t\t\t\t\t\t\t<\/div>\n\t\t\t\t<\/div>\n\t\t\t\t\t<\/div>\n\t\t<\/div>\n\t\t\t\t\t\t\t<\/div>\n\t\t<\/section>\n\t\t\t\t\t<\/div>\n\t\t<\/div>\n\t\t\t\t\t\t\t<\/div>\n\t\t<\/section>\n\t\t\t\t\t\t\t<\/div>","protected":false},"excerpt":{"rendered":"<p>Rosshaare Rosshaar-Veredelung nach Ihren W\u00fcnschen Das Rosshaar (Pferdehaar) ist in den Farben Schwarz, Wei\u00df und Grau erh\u00e4ltlich \u2013 die L\u00e4nge des Pferdehaars kann individuell bestimmt werden. Auf Wunsch bieten wir Ihnen auch ein Gemisch und\/oder einen zweiten Kochvorgang an. Rosshaare oder auch Rosshaarmischungen werden unter anderem in Walz- und Streifenb\u00fcrsten und Besen eingesetzt.<\/p>","protected":false},"author":1,"featured_media":0,"parent":0,"menu_order":0,"comment_status":"closed","ping_status":"closed","template":"","meta":{"_seopress_robots_primary_cat":"","footnotes":""},"class_list":["post-19","page","type-page","status-publish","hentry"],"_links":{"self":[{"href":"https:\/\/erfurth-ersehof.de\/en\/wp-json\/wp\/v2\/pages\/19","targetHints":{"allow":["GET"]}}],"collection":[{"href":"https:\/\/erfurth-ersehof.de\/en\/wp-json\/wp\/v2\/pages"}],"about":[{"href":"https:\/\/erfurth-ersehof.de\/en\/wp-json\/wp\/v2\/types\/page"}],"author":[{"embeddable":true,"href":"https:\/\/erfurth-ersehof.de\/en\/wp-json\/wp\/v2\/users\/1"}],"replies":[{"embeddable":true,"href":"https:\/\/erfurth-ersehof.de\/en\/wp-json\/wp\/v2\/comments?post=19"}],"version-history":[{"count":3,"href":"https:\/\/erfurth-ersehof.de\/en\/wp-json\/wp\/v2\/pages\/19\/revisions"}],"predecessor-version":[{"id":125,"href":"https:\/\/erfurth-ersehof.de\/en\/wp-json\/wp\/v2\/pages\/19\/revisions\/125"}],"wp:attachment":[{"href":"https:\/\/erfurth-ersehof.de\/en\/wp-json\/wp\/v2\/media?parent=19"}],"curies":[{"name":"wp","href":"https:\/\/api.w.org\/{rel}","templated":true}]}}