{"id":13,"date":"2022-02-15T08:19:23","date_gmt":"2022-02-15T08:19:23","guid":{"rendered":"https:\/\/erfurth.osa-essen.de\/index.php\/impressum\/"},"modified":"2022-02-24T06:00:04","modified_gmt":"2022-02-24T06:00:04","slug":"impressum","status":"publish","type":"page","link":"https:\/\/erfurth-ersehof.de\/en\/impressum\/","title":{"rendered":"Imprint"},"content":{"rendered":"<div data-elementor-type=\"wp-page\" data-elementor-id=\"13\" class=\"elementor elementor-13\">\n\t\t\t\t\t\t\t\t\t<section class=\"elementor-section elementor-top-section elementor-element elementor-element-54ba402 elementor-section-boxed elementor-section-height-default elementor-section-height-default\" data-id=\"54ba402\" data-element_type=\"section\">\n\t\t\t\t\t\t<div class=\"elementor-container elementor-column-gap-default\">\n\t\t\t\t\t<div class=\"elementor-column elementor-col-100 elementor-top-column elementor-element elementor-element-69edfe9\" data-id=\"69edfe9\" data-element_type=\"column\">\n\t\t\t<div class=\"elementor-widget-wrap elementor-element-populated\">\n\t\t\t\t\t\t\t\t<section class=\"elementor-section elementor-inner-section elementor-element elementor-element-71394c9 elementor-section-boxed elementor-section-height-default elementor-section-height-default\" data-id=\"71394c9\" data-element_type=\"section\">\n\t\t\t\t\t\t<div class=\"elementor-container elementor-column-gap-default\">\n\t\t\t\t\t<div class=\"elementor-column elementor-col-100 elementor-inner-column elementor-element elementor-element-0c842a2\" data-id=\"0c842a2\" data-element_type=\"column\">\n\t\t\t<div class=\"elementor-widget-wrap elementor-element-populated\">\n\t\t\t\t\t\t\t\t<div class=\"elementor-element elementor-element-370a3e9 elementor-widget elementor-widget-page-title\" data-id=\"370a3e9\" data-element_type=\"widget\" data-widget_type=\"page-title.default\">\n\t\t\t\t<div class=\"elementor-widget-container\">\n\t\t\t\t\t\n\t\t<div class=\"hfe-page-title hfe-page-title-wrapper elementor-widget-heading\">\n\n\t\t\t\t\t\t\t\t<h1 class=\"elementor-heading-title elementor-size-xl\">\n\t\t\t\t\t\t\t\t\n\t\t\t\tImprint  \n\t\t\t<\/h1> \n\t\t\t\t\t<\/div>\n\t\t\t\t<\/div>\n\t\t\t\t<\/div>\n\t\t\t\t<div class=\"elementor-element elementor-element-628172b elementor-widget elementor-widget-text-editor\" data-id=\"628172b\" data-element_type=\"widget\" data-widget_type=\"text-editor.default\">\n\t\t\t\t<div class=\"elementor-widget-container\">\n\t\t\t<style>\/*! elementor - v3.15.0 - 20-08-2023 *\/\n.elementor-widget-text-editor.elementor-drop-cap-view-stacked .elementor-drop-cap{background-color:#69727d;color:#fff}.elementor-widget-text-editor.elementor-drop-cap-view-framed .elementor-drop-cap{color:#69727d;border:3px solid;background-color:transparent}.elementor-widget-text-editor:not(.elementor-drop-cap-view-default) .elementor-drop-cap{margin-top:8px}.elementor-widget-text-editor:not(.elementor-drop-cap-view-default) .elementor-drop-cap-letter{width:1em;height:1em}.elementor-widget-text-editor .elementor-drop-cap{float:left;text-align:center;line-height:1;font-size:50px}.elementor-widget-text-editor .elementor-drop-cap-letter{display:inline-block}<\/style>\t\t\t\t<div class=\"col medium-6\"><dl class=\"styled no-mb-bottom\"><dt><strong>Vollst\u00e4ndiger Firmenname:<\/strong><br \/>Gebr\u00fcder Erfurth OHG Haar- und Borstenzurichterei<br \/><br \/><\/dt><dt><strong>Gesch\u00e4ftsf\u00fchrer:<br \/><\/strong>Hr. Jan Erfurth, Hr. Holger Erfurth<br \/><br \/><\/dt><dt><strong>Firmenanschrift:<br \/><\/strong>Celler Stra\u00dfe 17, D-38176 Wendeburg \u2013 OT Ersehof<br \/><br \/><\/dt><dt><strong>Telefon:<br \/><\/strong>+49 (0) 53 03 \/ 52 25<br \/><br \/><\/dt><dt><strong>Fax:<br \/><\/strong>+49 (0) 53 03 \/ 57 19<br \/><br \/><\/dt><dt><strong>E-Mail:<br \/><\/strong><a class=\"escape email\" title=\"E-Mail senden\" href=\"mailto:info@erfurth-ersehof.de\">info@erfurth-ersehof.de<\/a><br \/><br \/><\/dt><dt><strong>Internet:<br \/><\/strong><a title=\"Gebr\u00fcder Erfurth OHG Haar- und Borstenzurichterei\" href=\"https:\/\/erfurth-ersehof.de\/en\/\">www.erfurth-ersehof.de<\/a><\/dt><\/dl><\/div><div class=\"col medium-6\"><dl class=\"styled\"><dt><strong>Registerart:<br \/><\/strong>Handelsregister<br \/><br \/><\/dt><dt><strong>Register \/ Ort:<br \/><\/strong>Amtsgericht Braunschweig<br \/><br \/><\/dt><dt><strong>Registernummer:<br \/><\/strong>HRA 7311<br \/><br \/><\/dt><dt><strong>Kammer:<br \/><\/strong>IHK Braunschweig<br \/><br \/><\/dt><dt><strong>Umsatzsteuer ID:<br \/><\/strong>DE 114 823 847<br \/><br \/><\/dt><dt><strong>Zoll-Nr.:<br \/><\/strong>298 37 29<br \/><br \/><\/dt><\/dl><\/div><div class=\"col\"><p>Online-Streitbeilegung gem\u00e4\u00df Art. 14 Abs. 1 ODR-VO: Die Europ\u00e4ische Kommission stellt eine Plattform zur Online-Streitbeilegung (OS) bereit, die Sie unter\u00a0<a href=\"http:\/\/ec.europa.eu\/consumers\/odr\/\" target=\"_blank\" rel=\"noopener\">http:\/\/ec.europa.eu\/consumers\/odr\/<\/a>\u00a0finden. Dar\u00fcber hinaus nimmt unser Betrieb an einem Verbraucherstreitigkeitsverfahren nicht teil.<\/p><p>\u00a0<\/p><p>Bitte beachten Sie die\u00a0<a title=\"Borsten- \/ Haarzurichterei Wendeburg \u2013 Datenschutz\" href=\"https:\/\/erfurth-ersehof.de\/en\/datenschutzerklaerung\/\" target=\"_blank\" rel=\"noopener\">Privacy policy<\/a>.<\/p><\/div>\t\t\t\t\t\t<\/div>\n\t\t\t\t<\/div>\n\t\t\t\t\t<\/div>\n\t\t<\/div>\n\t\t\t\t\t\t\t<\/div>\n\t\t<\/section>\n\t\t\t\t\t<\/div>\n\t\t<\/div>\n\t\t\t\t\t\t\t<\/div>\n\t\t<\/section>\n\t\t\t\t\t\t\t<\/div>","protected":false},"excerpt":{"rendered":"<p>Impressum Vollst\u00e4ndiger Firmenname:Gebr\u00fcder Erfurth OHG Haar- und Borstenzurichterei Gesch\u00e4ftsf\u00fchrer:Hr. Jan Erfurth, Hr. Holger Erfurth Firmenanschrift:Celler Stra\u00dfe 17, D-38176 Wendeburg \u2013 OT Ersehof Telefon:+49 (0) 53 03 \/ 52 25 Fax:+49 (0) 53 03 \/ 57 19 E-Mail:info@erfurth-ersehof.de Internet:www.erfurth-ersehof.de Registerart:Handelsregister Register \/ Ort:Amtsgericht Braunschweig Registernummer:HRA 7311 Kammer:IHK Braunschweig Umsatzsteuer ID:DE 114 823 847 Zoll-Nr.:298 37 29 [&hellip;]<\/p>","protected":false},"author":1,"featured_media":0,"parent":0,"menu_order":0,"comment_status":"closed","ping_status":"closed","template":"","meta":{"_seopress_robots_primary_cat":"","footnotes":""},"class_list":["post-13","page","type-page","status-publish","hentry"],"_links":{"self":[{"href":"https:\/\/erfurth-ersehof.de\/en\/wp-json\/wp\/v2\/pages\/13","targetHints":{"allow":["GET"]}}],"collection":[{"href":"https:\/\/erfurth-ersehof.de\/en\/wp-json\/wp\/v2\/pages"}],"about":[{"href":"https:\/\/erfurth-ersehof.de\/en\/wp-json\/wp\/v2\/types\/page"}],"author":[{"embeddable":true,"href":"https:\/\/erfurth-ersehof.de\/en\/wp-json\/wp\/v2\/users\/1"}],"replies":[{"embeddable":true,"href":"https:\/\/erfurth-ersehof.de\/en\/wp-json\/wp\/v2\/comments?post=13"}],"version-history":[{"count":6,"href":"https:\/\/erfurth-ersehof.de\/en\/wp-json\/wp\/v2\/pages\/13\/revisions"}],"predecessor-version":[{"id":184,"href":"https:\/\/erfurth-ersehof.de\/en\/wp-json\/wp\/v2\/pages\/13\/revisions\/184"}],"wp:attachment":[{"href":"https:\/\/erfurth-ersehof.de\/en\/wp-json\/wp\/v2\/media?parent=13"}],"curies":[{"name":"wp","href":"https:\/\/api.w.org\/{rel}","templated":true}]}}