{"id":12,"date":"2022-02-15T08:19:23","date_gmt":"2022-02-15T08:19:23","guid":{"rendered":"https:\/\/erfurth.osa-essen.de\/index.php\/handelswaren\/"},"modified":"2022-02-20T21:47:45","modified_gmt":"2022-02-20T21:47:45","slug":"handelswaren","status":"publish","type":"page","link":"https:\/\/erfurth-ersehof.de\/en\/handelswaren\/","title":{"rendered":"Commodities"},"content":{"rendered":"<div data-elementor-type=\"wp-page\" data-elementor-id=\"12\" class=\"elementor elementor-12\">\n\t\t\t\t\t\t\t\t\t<section class=\"elementor-section elementor-top-section elementor-element elementor-element-b68b2f3 elementor-section-boxed elementor-section-height-default elementor-section-height-default\" data-id=\"b68b2f3\" data-element_type=\"section\">\n\t\t\t\t\t\t<div class=\"elementor-container elementor-column-gap-default\">\n\t\t\t\t\t<div class=\"elementor-column elementor-col-100 elementor-top-column elementor-element elementor-element-789bfd7\" data-id=\"789bfd7\" data-element_type=\"column\">\n\t\t\t<div class=\"elementor-widget-wrap elementor-element-populated\">\n\t\t\t\t\t\t\t\t<section class=\"elementor-section elementor-inner-section elementor-element elementor-element-c3e9401 elementor-section-boxed elementor-section-height-default elementor-section-height-default\" data-id=\"c3e9401\" data-element_type=\"section\">\n\t\t\t\t\t\t<div class=\"elementor-container elementor-column-gap-default\">\n\t\t\t\t\t<div class=\"elementor-column elementor-col-100 elementor-inner-column elementor-element elementor-element-361c851\" data-id=\"361c851\" data-element_type=\"column\">\n\t\t\t<div class=\"elementor-widget-wrap elementor-element-populated\">\n\t\t\t\t\t\t\t\t<div class=\"elementor-element elementor-element-cd8fc27 elementor-widget elementor-widget-page-title\" data-id=\"cd8fc27\" data-element_type=\"widget\" data-widget_type=\"page-title.default\">\n\t\t\t\t<div class=\"elementor-widget-container\">\n\t\t\t\t\t\n\t\t<div class=\"hfe-page-title hfe-page-title-wrapper elementor-widget-heading\">\n\n\t\t\t\t\t\t\t\t<h1 class=\"elementor-heading-title elementor-size-xl\">\n\t\t\t\t\t\t\t\t\n\t\t\t\tCommodities  \n\t\t\t<\/h1> \n\t\t\t\t\t<\/div>\n\t\t\t\t<\/div>\n\t\t\t\t<\/div>\n\t\t\t\t<div class=\"elementor-element elementor-element-b7b2fe9 elementor-widget elementor-widget-heading\" data-id=\"b7b2fe9\" data-element_type=\"widget\" data-widget_type=\"heading.default\">\n\t\t\t\t<div class=\"elementor-widget-container\">\n\t\t\t<style>\/*! elementor - v3.15.0 - 20-08-2023 *\/\n.elementor-heading-title{padding:0;margin:0;line-height:1}.elementor-widget-heading .elementor-heading-title[class*=elementor-size-]>a{color:inherit;font-size:inherit;line-height:inherit}.elementor-widget-heading .elementor-heading-title.elementor-size-small{font-size:15px}.elementor-widget-heading .elementor-heading-title.elementor-size-medium{font-size:19px}.elementor-widget-heading .elementor-heading-title.elementor-size-large{font-size:29px}.elementor-widget-heading .elementor-heading-title.elementor-size-xl{font-size:39px}.elementor-widget-heading .elementor-heading-title.elementor-size-xxl{font-size:59px}<\/style><h2 class=\"elementor-heading-title elementor-size-large\">Stanz- und B\u00fcrstendraht<\/h2>\t\t<\/div>\n\t\t\t\t<\/div>\n\t\t\t\t\t<\/div>\n\t\t<\/div>\n\t\t\t\t\t\t\t<\/div>\n\t\t<\/section>\n\t\t\t\t<section class=\"elementor-section elementor-inner-section elementor-element elementor-element-c23b917 elementor-section-boxed elementor-section-height-default elementor-section-height-default\" data-id=\"c23b917\" data-element_type=\"section\">\n\t\t\t\t\t\t<div class=\"elementor-container elementor-column-gap-default\">\n\t\t\t\t\t<div class=\"elementor-column elementor-col-50 elementor-inner-column elementor-element elementor-element-3045348\" data-id=\"3045348\" data-element_type=\"column\">\n\t\t\t<div class=\"elementor-widget-wrap elementor-element-populated\">\n\t\t\t\t\t\t\t\t<div class=\"elementor-element elementor-element-5df9795 elementor-widget elementor-widget-text-editor\" data-id=\"5df9795\" data-element_type=\"widget\" data-widget_type=\"text-editor.default\">\n\t\t\t\t<div class=\"elementor-widget-container\">\n\t\t\t<style>\/*! elementor - v3.15.0 - 20-08-2023 *\/\n.elementor-widget-text-editor.elementor-drop-cap-view-stacked .elementor-drop-cap{background-color:#69727d;color:#fff}.elementor-widget-text-editor.elementor-drop-cap-view-framed .elementor-drop-cap{color:#69727d;border:3px solid;background-color:transparent}.elementor-widget-text-editor:not(.elementor-drop-cap-view-default) .elementor-drop-cap{margin-top:8px}.elementor-widget-text-editor:not(.elementor-drop-cap-view-default) .elementor-drop-cap-letter{width:1em;height:1em}.elementor-widget-text-editor .elementor-drop-cap{float:left;text-align:center;line-height:1;font-size:50px}.elementor-widget-text-editor .elementor-drop-cap-letter{display:inline-block}<\/style>\t\t\t\t<p>The brothers Erfurth OHG can look back at a longstanding experience in the commercial transaction. During the years our assortment has grown steadily \u2013 what began with hair and bristlestrade, today a\nin vegetable fibers and art fibers.<\/p><p><strong>New to the range are the cattle hair. We import these directly from South America!<\/strong><\/p><p>Besides, we also act with punching and brush wire \u2013 convince yourselves of our offer!<\/p>\t\t\t\t\t\t<\/div>\n\t\t\t\t<\/div>\n\t\t\t\t\t<\/div>\n\t\t<\/div>\n\t\t\t\t<div class=\"elementor-column elementor-col-50 elementor-inner-column elementor-element elementor-element-cc26574\" data-id=\"cc26574\" data-element_type=\"column\">\n\t\t\t<div class=\"elementor-widget-wrap elementor-element-populated\">\n\t\t\t\t\t\t\t\t<div class=\"elementor-element elementor-element-7112d5c elementor-widget elementor-widget-text-editor\" data-id=\"7112d5c\" data-element_type=\"widget\" data-widget_type=\"text-editor.default\">\n\t\t\t\t<div class=\"elementor-widget-container\">\n\t\t\t\t\t\t\t<p><strong>Here our offer in the overview:<\/strong><\/p><ul><li><a href=\"https:\/\/erfurth-ersehof.de\/en\/rosshaare\/\" target=\"_self\">Horsetailhair<\/a><\/li><li>Cattle hair<\/li><li><a href=\"https:\/\/erfurth-ersehof.de\/en\/ziegenhaare\/\" target=\"_self\">Goat Hair<\/a><\/li><li><a href=\"https:\/\/erfurth-ersehof.de\/en\/borsten\/\" target=\"_self\">Pork bristles<\/a><\/li><li><a href=\"https:\/\/erfurth-ersehof.de\/en\/pflanzenfasern\/\" target=\"_self\">Vegetable Fibre<\/a><\/li><li><a href=\"https:\/\/erfurth-ersehof.de\/en\/kunstfasern\/\" target=\"_self\">Synthetic<\/a><\/li><\/ul>\t\t\t\t\t\t<\/div>\n\t\t\t\t<\/div>\n\t\t\t\t\t<\/div>\n\t\t<\/div>\n\t\t\t\t\t\t\t<\/div>\n\t\t<\/section>\n\t\t\t\t\t<\/div>\n\t\t<\/div>\n\t\t\t\t\t\t\t<\/div>\n\t\t<\/section>\n\t\t\t\t\t\t\t<\/div>","protected":false},"excerpt":{"rendered":"<p>Handelswaren Stanz- und B\u00fcrstendraht Die Gebr\u00fcder Erfurth OHG kann auf eine langj\u00e4hrige Erfahrung im Handelsgesch\u00e4ft zur\u00fcckblicken. In den Jahren ist unser Sortiment stetig gewachsen \u2013 was mit dem Haar- und Borsten-Handel begann, umfasst heute eine breite Palette auch an Pflanzen- und Kunstfasern. Neu im Sortiment sind die Rinderhaare. Diese importieren wir direkt aus S\u00fcd-Amerika. Zudem [&hellip;]<\/p>","protected":false},"author":1,"featured_media":0,"parent":0,"menu_order":0,"comment_status":"closed","ping_status":"closed","template":"","meta":{"_seopress_robots_primary_cat":"","footnotes":""},"class_list":["post-12","page","type-page","status-publish","hentry"],"_links":{"self":[{"href":"https:\/\/erfurth-ersehof.de\/en\/wp-json\/wp\/v2\/pages\/12","targetHints":{"allow":["GET"]}}],"collection":[{"href":"https:\/\/erfurth-ersehof.de\/en\/wp-json\/wp\/v2\/pages"}],"about":[{"href":"https:\/\/erfurth-ersehof.de\/en\/wp-json\/wp\/v2\/types\/page"}],"author":[{"embeddable":true,"href":"https:\/\/erfurth-ersehof.de\/en\/wp-json\/wp\/v2\/users\/1"}],"replies":[{"embeddable":true,"href":"https:\/\/erfurth-ersehof.de\/en\/wp-json\/wp\/v2\/comments?post=12"}],"version-history":[{"count":6,"href":"https:\/\/erfurth-ersehof.de\/en\/wp-json\/wp\/v2\/pages\/12\/revisions"}],"predecessor-version":[{"id":131,"href":"https:\/\/erfurth-ersehof.de\/en\/wp-json\/wp\/v2\/pages\/12\/revisions\/131"}],"wp:attachment":[{"href":"https:\/\/erfurth-ersehof.de\/en\/wp-json\/wp\/v2\/media?parent=12"}],"curies":[{"name":"wp","href":"https:\/\/api.w.org\/{rel}","templated":true}]}}